{"id":29,"date":"2025-04-10T16:05:24","date_gmt":"2025-04-10T14:05:24","guid":{"rendered":"https:\/\/www.onlinepsychiater.com\/?page_id=29"},"modified":"2025-04-18T15:55:24","modified_gmt":"2025-04-18T13:55:24","slug":"cennik","status":"publish","type":"page","link":"https:\/\/www.onlinepsychiater.com\/?page_id=29","title":{"rendered":"Cenn\u00edk"},"content":{"rendered":"\n<div class=\"wp-block-uagb-container uagb-block-ogn8yct0 alignfull uagb-is-root-container\"><div class=\"uagb-container-inner-blocks-wrap\">\n<div class=\"wp-block-uagb-container uagb-layout-grid uagb-block-8nym2m2n\">\n<div class=\"wp-block-uagb-container uagb-block-gszd8mkn\">\n<div class=\"wp-block-uagb-info-box uagb-block-i6qzrisi uagb-infobox__content-wrap  uagb-infobox-icon-above-title uagb-infobox-image-valign-top\"><div class=\"uagb-ifb-content\"><div class=\"uagb-ifb-icon-wrap\"><div class=\"uagb-iconbox-icon-wrap uagb-infobox-shape-circle\"><svg xmlns=\"https:\/\/www.w3.org\/2000\/svg\" viewBox=\"0 0 448 512\"><path d=\"M438.6 105.4C451.1 117.9 451.1 138.1 438.6 150.6L182.6 406.6C170.1 419.1 149.9 419.1 137.4 406.6L9.372 278.6C-3.124 266.1-3.124 245.9 9.372 233.4C21.87 220.9 42.13 220.9 54.63 233.4L159.1 338.7L393.4 105.4C405.9 92.88 426.1 92.88 438.6 105.4H438.6z\"><\/path><\/svg><\/div><\/div><div class=\"uagb-ifb-title-wrap\"><\/div><p class=\"uagb-ifb-desc\"><strong>Vstupn\u00e9 psychiatrick\u00e9 vy\u0161etrenie (140 EUR)<\/strong><br>Komplexn\u00e9 vy\u0161etrenie pri prvej n\u00e1v\u0161teve, vr\u00e1tane diagnostiky, odpor\u00fa\u010dan\u00ed na lie\u010dbu a pl\u00e1nu starostlivosti.<br><br><strong>Kontroln\u00e9 psychiatrick\u00e9 vy\u0161etrenie (50 EUR)<\/strong><br>Pravideln\u00e9 sledovanie priebehu lie\u010dby, \u00faprava terapie a vyhodnotenie zdravotn\u00e9ho stavu.<\/p><\/div><\/div>\n<\/div>\n\n\n\n<div class=\"wp-block-uagb-container uagb-block-qzzmz1xw\">\n<div class=\"wp-block-uagb-info-box uagb-block-peuu8tls uagb-infobox__content-wrap  uagb-infobox-icon-above-title uagb-infobox-image-valign-top\"><div class=\"uagb-ifb-content\"><div class=\"uagb-ifb-icon-wrap\"><div class=\"uagb-iconbox-icon-wrap uagb-infobox-shape-circle\"><svg xmlns=\"https:\/\/www.w3.org\/2000\/svg\" viewBox=\"0 0 448 512\"><path d=\"M438.6 105.4C451.1 117.9 451.1 138.1 438.6 150.6L182.6 406.6C170.1 419.1 149.9 419.1 137.4 406.6L9.372 278.6C-3.124 266.1-3.124 245.9 9.372 233.4C21.87 220.9 42.13 220.9 54.63 233.4L159.1 338.7L393.4 105.4C405.9 92.88 426.1 92.88 438.6 105.4H438.6z\"><\/path><\/svg><\/div><\/div><div class=\"uagb-ifb-title-wrap\"><\/div><p class=\"uagb-ifb-desc\"><strong>Odobratie vodi\u010dsk\u00e9ho preukazu (150 EUR)<\/strong><br>Pos\u00fadenie psychickej sp\u00f4sobilosti v s\u00falade s legislat\u00edvou, vr\u00e1tane p\u00edsomn\u00e9ho n\u00e1lezu pre dopravn\u00fa in\u0161pekciu.<br><br><strong>Psychosomatick\u00e1 porad\u0148a (150 EUR)<\/strong><br>Vy\u0161etrenie a terapia psychosomatick\u00fdch por\u00fach, kde psychick\u00e9 faktory ovplyv\u0148uj\u00fa telesn\u00e9 zdravie.<br><br><strong>Vy\u0161etrenie v cudzom jazyku (150 EUR)<\/strong><br>Konzult\u00e1cie v angli\u010dtine alebo inom jazyku pre cudzincov alebo klientov s jazykov\u00fdmi potrebami.<\/p><\/div><\/div>\n<\/div>\n\n\n\n<div class=\"wp-block-uagb-container uagb-block-mezq4gkg\">\n<div class=\"wp-block-uagb-info-box uagb-block-5ktmeo6h uagb-infobox__content-wrap  uagb-infobox-icon-above-title uagb-infobox-image-valign-top\"><div class=\"uagb-ifb-content\"><div class=\"uagb-ifb-icon-wrap\"><div class=\"uagb-iconbox-icon-wrap uagb-infobox-shape-circle\"><svg xmlns=\"https:\/\/www.w3.org\/2000\/svg\" viewBox=\"0 0 448 512\"><path d=\"M438.6 105.4C451.1 117.9 451.1 138.1 438.6 150.6L182.6 406.6C170.1 419.1 149.9 419.1 137.4 406.6L9.372 278.6C-3.124 266.1-3.124 245.9 9.372 233.4C21.87 220.9 42.13 220.9 54.63 233.4L159.1 338.7L393.4 105.4C405.9 92.88 426.1 92.88 438.6 105.4H438.6z\"><\/path><\/svg><\/div><\/div><div class=\"uagb-ifb-title-wrap\"><\/div><p class=\"uagb-ifb-desc\"><strong>Individu\u00e1lne poradenstvo (80 EUR)<\/strong><br>Osobn\u00e1 konzult\u00e1cia zameran\u00e1 na rie\u0161enie konkr\u00e9tnych probl\u00e9mov (stres, \u00fazkos\u0165, rodinn\u00e9 vz\u0165ahy at\u010f.).<br><br><strong>Spracovanie v\u00fdsledkov vy\u0161etrenia do podrobn\u00e9ho z\u00e1pisu (50 EUR)<\/strong><br>Vypracovanie z\u00e1znamu pre v\u00e1\u0161ho o\u0161etruj\u00faceho lek\u00e1ra, pois\u0165ov\u0148u alebo in\u00e9 \u00fa\u010dely.<br><br><\/p><\/div><\/div>\n<\/div>\n\n\n\n<div class=\"wp-block-uagb-container uagb-block-ctw4b8vk\">\n<div class=\"wp-block-uagb-info-box uagb-block-qtttmqrr uagb-infobox__content-wrap  uagb-infobox-icon-above-title uagb-infobox-image-valign-top\"><div class=\"uagb-ifb-content\"><div class=\"uagb-ifb-icon-wrap\"><div class=\"uagb-iconbox-icon-wrap uagb-infobox-shape-circle\"><svg xmlns=\"https:\/\/www.w3.org\/2000\/svg\" viewBox=\"0 0 448 512\"><path d=\"M438.6 105.4C451.1 117.9 451.1 138.1 438.6 150.6L182.6 406.6C170.1 419.1 149.9 419.1 137.4 406.6L9.372 278.6C-3.124 266.1-3.124 245.9 9.372 233.4C21.87 220.9 42.13 220.9 54.63 233.4L159.1 338.7L393.4 105.4C405.9 92.88 426.1 92.88 438.6 105.4H438.6z\"><\/path><\/svg><\/div><\/div><div class=\"uagb-ifb-title-wrap\"><\/div><p class=\"uagb-ifb-desc\"><strong>Kr\u00edzov\u00e1 intervencia do 24 hod\u00edn (200 EUR)<\/strong><br>N\u00e1hle vy\u0161etrenie v naliehav\u00fdch pr\u00edpadoch (ak\u00fatne psychick\u00e9 stavy)<br><br><br><br><strong>Vy\u0161etrenie a n\u00e1lez na umiestnenie do DSS (200 EUR)<\/strong><br>Vy\u0161etrenie a n\u00e1lez potrebn\u00fd v procese umiestnenia do domova soci\u00e1lnych slu\u017eieb.<\/p><\/div><\/div>\n<\/div>\n<\/div>\n<\/div><\/div>\n","protected":false},"excerpt":{"rendered":"","protected":false},"author":1,"featured_media":0,"parent":0,"menu_order":0,"comment_status":"closed","ping_status":"closed","template":"","meta":{"_uag_custom_page_level_css":"","_glsr_average":0,"_glsr_ranking":0,"_glsr_reviews":0,"footnotes":""},"class_list":["post-29","page","type-page","status-publish","hentry"],"uagb_featured_image_src":{"full":false,"thumbnail":false,"medium":false,"medium_large":false,"large":false,"1536x1536":false,"2048x2048":false},"uagb_author_info":{"display_name":"OnlinePsychiater","author_link":"https:\/\/www.onlinepsychiater.com\/?author=1"},"uagb_comment_info":0,"uagb_excerpt":null,"_links":{"self":[{"href":"https:\/\/www.onlinepsychiater.com\/index.php?rest_route=\/wp\/v2\/pages\/29","targetHints":{"allow":["GET"]}}],"collection":[{"href":"https:\/\/www.onlinepsychiater.com\/index.php?rest_route=\/wp\/v2\/pages"}],"about":[{"href":"https:\/\/www.onlinepsychiater.com\/index.php?rest_route=\/wp\/v2\/types\/page"}],"author":[{"embeddable":true,"href":"https:\/\/www.onlinepsychiater.com\/index.php?rest_route=\/wp\/v2\/users\/1"}],"replies":[{"embeddable":true,"href":"https:\/\/www.onlinepsychiater.com\/index.php?rest_route=%2Fwp%2Fv2%2Fcomments&post=29"}],"version-history":[{"count":4,"href":"https:\/\/www.onlinepsychiater.com\/index.php?rest_route=\/wp\/v2\/pages\/29\/revisions"}],"predecessor-version":[{"id":111,"href":"https:\/\/www.onlinepsychiater.com\/index.php?rest_route=\/wp\/v2\/pages\/29\/revisions\/111"}],"wp:attachment":[{"href":"https:\/\/www.onlinepsychiater.com\/index.php?rest_route=%2Fwp%2Fv2%2Fmedia&parent=29"}],"curies":[{"name":"wp","href":"https:\/\/api.w.org\/{rel}","templated":true}]}}