{"id":31,"date":"2025-04-10T16:03:59","date_gmt":"2025-04-10T14:03:59","guid":{"rendered":"https:\/\/www.onlinepsychiater.com\/?page_id=31"},"modified":"2025-04-18T16:42:18","modified_gmt":"2025-04-18T14:42:18","slug":"poziadat-o-vysetrenie","status":"publish","type":"page","link":"https:\/\/www.onlinepsychiater.com\/?page_id=31","title":{"rendered":"Po\u017eiada\u0165 o vy\u0161etrenie"},"content":{"rendered":"\n<div class=\"wp-block-uagb-container uagb-block-usazkcty alignfull uagb-is-root-container\"><div class=\"uagb-container-inner-blocks-wrap\">\n<div class=\"wp-block-uagb-info-box uagb-block-0tzehynd uagb-infobox__content-wrap  uagb-infobox-icon-above-title uagb-infobox-image-valign-top wp-block-uagb-info-box--has-margin\"><div class=\"uagb-infobox-margin-wrapper\"><div class=\"uagb-ifb-content\"><div class=\"uagb-ifb-title-wrap\"><h2 class=\"uagb-ifb-title\">Kliknite na tla\u010didlo ni\u017e\u0161ie, ktor\u00e9 v\u00e1s presmeruje na str\u00e1nku TopDoktor, kde si m\u00f4\u017eete vybra\u0165 vhodn\u00fd term\u00edn pre online <\/h2><\/div><\/div><\/div><\/div>\n\n\n\n<div class=\"wp-block-uagb-buttons uagb-buttons__outer-wrap uagb-btn__default-btn uagb-btn-tablet__default-btn uagb-btn-mobile__default-btn uagb-block-9f9f1152\"><div class=\"uagb-buttons__wrap uagb-buttons-layout-wrap \">\n<div class=\"wp-block-uagb-buttons-child uagb-buttons__outer-wrap uagb-block-8ad9671d wp-block-button\"><div class=\"uagb-button__wrapper\"><a class=\"uagb-buttons-repeater wp-block-button__link\" aria-label=\"\" href=\"https:\/\/www.topdoktor.sk\/doktor\/psychiater\/bratislavsky-kraj\/bratislava\/stare-mesto\/15972-mudr-patricia-tropek-online-konzultacie?fbclid=IwY2xjawJY-VNleHRuA2FlbQIxMAABHTu7cnHYrdVfxpEsHXzsEK_b2Eq7oR9hlnm2na_lV0RV5bqrtOHYcV8Ntw_aem_-wktZRVgDdnCSwrkEqsg8Q\" rel=\"follow noopener\" target=\"_blank\" role=\"button\"><div class=\"uagb-button__link\">Pre objednanie kliknite tu<\/div><\/a><\/div><\/div>\n<\/div><\/div>\n<\/div><\/div>\n\n\n\n<div class=\"wp-block-columns has-contrast-color has-custom-peachy-background-color has-text-color has-background has-link-color has-roboto-font-family wp-elements-ed7333fcd9a78f4f074b9619e30f8874 is-layout-flex wp-container-core-columns-is-layout-e4cbb7d0 wp-block-columns-is-layout-flex\" style=\"margin-top:0;margin-bottom:0;padding-right:var(--wp--preset--spacing--40);padding-left:var(--wp--preset--spacing--40);font-size:clamp(0.929rem, 0.929rem + ((1vw - 0.2rem) * 0.785), 1.4rem);\">\n<div class=\"wp-block-column is-layout-flow wp-block-column-is-layout-flow\">\n<p>Po potvrden\u00ed term\u00ednu cez <strong>Top Doktor<\/strong> je potrebn\u00e9 zrealizova\u0165 \u00fahradu lek\u00e1rovi pod\u013ea vybranej slu\u017eby na nasleduj\u00faci \u00fa\u010det:<\/p>\n\n\n\n<ul style=\"padding-right:var(--wp--preset--spacing--20);padding-left:var(--wp--preset--spacing--20)\" class=\"wp-block-list is-style-checkmark-list\">\n<li> <strong>\u010c\u00edslo \u00fa\u010dtu:<\/strong> SK39 1111 0000                  0010 4101 0007<\/li>\n\n\n\n<li><strong>Variabiln\u00fd symbol (VS):<\/strong> Va\u0161e rodn\u00e9 \u010d\u00edslo<\/li>\n\n\n\n<li><strong>Pozn\u00e1mka:<\/strong> Slu\u017eba, ktor\u00fa ste si vybrali<\/li>\n<\/ul>\n<\/div>\n\n\n\n<div class=\"wp-block-column is-layout-flow wp-container-core-column-is-layout-1fd16bab wp-block-column-is-layout-flow\" style=\"padding-right:var(--wp--preset--spacing--20);padding-left:var(--wp--preset--spacing--20)\">\n<p>Platbu je potrebn\u00e9 uhradi\u0165 <strong>najnesk\u00f4r 24 hod\u00edn pred term\u00ednom<\/strong>.<\/p>\n\n\n\n<p>V pr\u00edpade, \u017ee platba nebude uhraden\u00e1 v stanovenom \u010dase <strong>Online konzult\u00e1cia sa neuskuto\u010dn\u00ed.<\/strong><\/p>\n<\/div>\n<\/div>\n","protected":false},"excerpt":{"rendered":"<p>Po potvrden\u00ed term\u00ednu cez Top Doktor je potrebn\u00e9 zrealizova\u0165 \u00fahradu lek\u00e1rovi pod\u013ea vybranej slu\u017eby na nasleduj\u00faci \u00fa\u010det: Platbu je potrebn\u00e9 uhradi\u0165 najnesk\u00f4r 24 hod\u00edn pred term\u00ednom. V pr\u00edpade, \u017ee platba nebude uhraden\u00e1 v stanovenom \u010dase Online konzult\u00e1cia sa neuskuto\u010dn\u00ed.<\/p>\n","protected":false},"author":1,"featured_media":0,"parent":0,"menu_order":0,"comment_status":"closed","ping_status":"closed","template":"","meta":{"_uag_custom_page_level_css":"","_glsr_average":0,"_glsr_ranking":0,"_glsr_reviews":0,"footnotes":""},"class_list":["post-31","page","type-page","status-publish","hentry"],"uagb_featured_image_src":{"full":false,"thumbnail":false,"medium":false,"medium_large":false,"large":false,"1536x1536":false,"2048x2048":false},"uagb_author_info":{"display_name":"OnlinePsychiater","author_link":"https:\/\/www.onlinepsychiater.com\/?author=1"},"uagb_comment_info":0,"uagb_excerpt":"Po potvrden\u00ed term\u00ednu cez Top Doktor je potrebn\u00e9 zrealizova\u0165 \u00fahradu lek\u00e1rovi pod\u013ea vybranej slu\u017eby na nasleduj\u00faci \u00fa\u010det: Platbu je potrebn\u00e9 uhradi\u0165 najnesk\u00f4r 24 hod\u00edn pred term\u00ednom. V pr\u00edpade, \u017ee platba nebude uhraden\u00e1 v stanovenom \u010dase Online konzult\u00e1cia sa neuskuto\u010dn\u00ed.","_links":{"self":[{"href":"https:\/\/www.onlinepsychiater.com\/index.php?rest_route=\/wp\/v2\/pages\/31","targetHints":{"allow":["GET"]}}],"collection":[{"href":"https:\/\/www.onlinepsychiater.com\/index.php?rest_route=\/wp\/v2\/pages"}],"about":[{"href":"https:\/\/www.onlinepsychiater.com\/index.php?rest_route=\/wp\/v2\/types\/page"}],"author":[{"embeddable":true,"href":"https:\/\/www.onlinepsychiater.com\/index.php?rest_route=\/wp\/v2\/users\/1"}],"replies":[{"embeddable":true,"href":"https:\/\/www.onlinepsychiater.com\/index.php?rest_route=%2Fwp%2Fv2%2Fcomments&post=31"}],"version-history":[{"count":33,"href":"https:\/\/www.onlinepsychiater.com\/index.php?rest_route=\/wp\/v2\/pages\/31\/revisions"}],"predecessor-version":[{"id":143,"href":"https:\/\/www.onlinepsychiater.com\/index.php?rest_route=\/wp\/v2\/pages\/31\/revisions\/143"}],"wp:attachment":[{"href":"https:\/\/www.onlinepsychiater.com\/index.php?rest_route=%2Fwp%2Fv2%2Fmedia&parent=31"}],"curies":[{"name":"wp","href":"https:\/\/api.w.org\/{rel}","templated":true}]}}