{"id":81,"date":"2025-04-14T20:19:56","date_gmt":"2025-04-14T18:19:56","guid":{"rendered":"https:\/\/www.onlinepsychiater.com\/?page_id=81"},"modified":"2025-04-14T20:39:12","modified_gmt":"2025-04-14T18:39:12","slug":"referencie","status":"publish","type":"page","link":"https:\/\/www.onlinepsychiater.com\/?page_id=81","title":{"rendered":"Referencie"},"content":{"rendered":"\n<div class=\"wp-block-uagb-container uagb-block-a3d7dd52 alignfull uagb-is-root-container\"><div class=\"uagb-container-inner-blocks-wrap\">\n<div class=\"wp-block-uagb-slider uagb-block-24081581 uagb-slider-container\"><div class=\"uagb-slides uagb-swiper\"><div class=\"swiper-wrapper\">\n<div class=\"wp-block-uagb-slider-child uagb-slider-child-wrap swiper-slide uagb-block-23c6d75c\"><div class=\"swiper-content\">\n<div class=\"wp-block-uagb-container uagb-block-f240feb7 alignfull uagb-is-root-container\"><div class=\"uagb-container-inner-blocks-wrap\">\n<div class=\"wp-block-columns is-layout-flex wp-container-core-columns-is-layout-c5150b4a wp-block-columns-is-layout-flex\">\n<div class=\"wp-block-column has-contrast-color has-base-2-background-color has-text-color has-background has-link-color wp-elements-ce8c6c9411731f88b5945fc33d64f5a6 is-layout-flow wp-block-column-is-layout-flow\"><div class=\"glsr glsr-default\" id=\"glsr_595590e0\" data-from=\"block\" data-shortcode=\"site_review\" data-hide=\"date,author\" data-post_id=\"67\"><div class=\"glsr-reviews-wrap\">\n    <div class=\"glsr-reviews\">\n        <div class=\"glsr-review\" data-type=\"local\" id=\"review-67\" data-assigned='[]'>\n    <div class=\"glsr-review-title\"><h4 class=\"glsr-tag-value\">Laura M.<\/h4><\/div>\n    <div class=\"glsr-review-rating\"><div class=\"glsr-star-rating glsr-stars\" role=\"img\" aria-label=\"Rated 5 out of 5 stars\" data-rating=\"5\" data-reviews=\"0\"><span class=\"glsr-star glsr-star-full\" aria-hidden=\"true\"><\/span><span class=\"glsr-star glsr-star-full\" aria-hidden=\"true\"><\/span><span class=\"glsr-star glsr-star-full\" aria-hidden=\"true\"><\/span><span class=\"glsr-star glsr-star-full\" aria-hidden=\"true\"><\/span><span class=\"glsr-star glsr-star-full\" aria-hidden=\"true\"><\/span><\/div><\/div> \n    \n    <div class=\"glsr-review-content\"><div class=\"glsr-tag-value\" data-expanded=\"false\"><p>Pani doktorka je ve\u013emi mil\u00e1 a profesion\u00e1lna. Ur\u010dite odpor\u00fa\u010dam ka\u017ed\u00e9mu, kto to potrebuje. R\u00fdchla komunik\u00e1cia a priate\u013esk\u00fd pr\u00edstup.<\/p><\/div><\/div>\n      \n    \n<\/div>\n    <\/div>\n    \n<\/div><\/div><\/div>\n\n\n\n<div class=\"wp-block-column has-contrast-color has-base-2-background-color has-text-color has-background has-link-color wp-elements-777f7e9e33f519f003f60d22cc0724d9 is-layout-flow wp-block-column-is-layout-flow\"><div class=\"glsr glsr-default\" id=\"glsr_6782c184\" data-from=\"block\" data-shortcode=\"site_review\" data-hide=\"date,avatar,author\" data-post_id=\"55\"><div class=\"glsr-reviews-wrap\">\n    <div class=\"glsr-reviews\">\n        <div class=\"glsr-review\" data-type=\"local\" id=\"review-55\" data-assigned='[]'>\n    <div class=\"glsr-review-title\"><h4 class=\"glsr-tag-value\">Filip B.<\/h4><\/div>\n    <div class=\"glsr-review-rating\"><div class=\"glsr-star-rating glsr-stars\" role=\"img\" aria-label=\"Rated 5 out of 5 stars\" data-rating=\"5\" data-reviews=\"0\"><span class=\"glsr-star glsr-star-full\" aria-hidden=\"true\"><\/span><span class=\"glsr-star glsr-star-full\" aria-hidden=\"true\"><\/span><span class=\"glsr-star glsr-star-full\" aria-hidden=\"true\"><\/span><span class=\"glsr-star glsr-star-full\" aria-hidden=\"true\"><\/span><span class=\"glsr-star glsr-star-full\" aria-hidden=\"true\"><\/span><\/div><\/div> \n    \n    <div class=\"glsr-review-content\"><div class=\"glsr-tag-value\" data-expanded=\"false\"><p>Profesionalny a ludsky pristup<\/p><\/div><\/div>\n      \n    \n<\/div>\n    <\/div>\n    \n<\/div><\/div><\/div>\n\n\n\n<div class=\"wp-block-column has-contrast-color has-base-2-background-color has-text-color has-background has-link-color wp-elements-2d336a8480c1e75d0fe7df5dc3144737 is-layout-flow wp-block-column-is-layout-flow\"><div class=\"glsr glsr-default\" id=\"glsr_b3c56936\" data-from=\"block\" data-shortcode=\"site_review\" data-hide=\"date,author\" data-post_id=\"59\"><div class=\"glsr-reviews-wrap\">\n    <div class=\"glsr-reviews\">\n        <div class=\"glsr-review\" data-type=\"local\" id=\"review-59\" data-assigned='[]'>\n    <div class=\"glsr-review-title\"><h4 class=\"glsr-tag-value\">Rebeka H.<\/h4><\/div>\n    <div class=\"glsr-review-rating\"><div class=\"glsr-star-rating glsr-stars\" role=\"img\" aria-label=\"Rated 5 out of 5 stars\" data-rating=\"5\" data-reviews=\"0\"><span class=\"glsr-star glsr-star-full\" aria-hidden=\"true\"><\/span><span class=\"glsr-star glsr-star-full\" aria-hidden=\"true\"><\/span><span class=\"glsr-star glsr-star-full\" aria-hidden=\"true\"><\/span><span class=\"glsr-star glsr-star-full\" aria-hidden=\"true\"><\/span><span class=\"glsr-star glsr-star-full\" aria-hidden=\"true\"><\/span><\/div><\/div> \n    \n    <div class=\"glsr-review-content\"><div class=\"glsr-tag-value\" data-expanded=\"false\"><p><\/p><\/div><\/div>\n      \n    \n<\/div>\n    <\/div>\n    \n<\/div><\/div><\/div>\n<\/div>\n<\/div><\/div>\n<\/div><\/div>\n\n\n\n<div class=\"wp-block-uagb-slider-child uagb-slider-child-wrap swiper-slide uagb-block-3a24acae\"><div class=\"swiper-content\">\n<div class=\"wp-block-uagb-container uagb-block-1bcd3bd6 alignfull uagb-is-root-container\"><div class=\"uagb-container-inner-blocks-wrap\">\n<div class=\"wp-block-columns is-layout-flex wp-container-core-columns-is-layout-c5150b4a wp-block-columns-is-layout-flex\">\n<div class=\"wp-block-column has-base-2-background-color has-background is-layout-flow wp-block-column-is-layout-flow\"><div class=\"glsr glsr-default\" id=\"glsr_5f95575d\" data-from=\"block\" data-shortcode=\"site_review\" data-hide=\"date,author\" data-post_id=\"57\"><div class=\"glsr-reviews-wrap\">\n    <div class=\"glsr-reviews\">\n        <div class=\"glsr-review\" data-type=\"local\" id=\"review-57\" data-assigned='[]'>\n    <div class=\"glsr-review-title\"><h4 class=\"glsr-tag-value\">Marek N.<\/h4><\/div>\n    <div class=\"glsr-review-rating\"><div class=\"glsr-star-rating glsr-stars\" role=\"img\" aria-label=\"Rated 5 out of 5 stars\" data-rating=\"5\" data-reviews=\"0\"><span class=\"glsr-star glsr-star-full\" aria-hidden=\"true\"><\/span><span class=\"glsr-star glsr-star-full\" aria-hidden=\"true\"><\/span><span class=\"glsr-star glsr-star-full\" aria-hidden=\"true\"><\/span><span class=\"glsr-star glsr-star-full\" aria-hidden=\"true\"><\/span><span class=\"glsr-star glsr-star-full\" aria-hidden=\"true\"><\/span><\/div><\/div> \n    \n    <div class=\"glsr-review-content\"><div class=\"glsr-tag-value\" data-expanded=\"false\"><p>Doktorka bola ve\u013emi \u013eudsk\u00e1 a ch\u00e1pav\u00e1. V\u010faka jej pr\u00edstupu a odbornosti som sa c\u00edtil vypo\u010dut\u00fd a pomohla mi s moj\u00edm probl\u00e9mom<\/p><\/div><\/div>\n      \n    \n<\/div>\n    <\/div>\n    \n<\/div><\/div><\/div>\n\n\n\n<div class=\"wp-block-column has-base-2-background-color has-background is-layout-flow wp-block-column-is-layout-flow\"><div class=\"glsr glsr-default\" id=\"glsr_db91b6f8\" data-from=\"block\" data-shortcode=\"site_review\" data-hide=\"date,avatar,author\" data-post_id=\"61\"><div class=\"glsr-reviews-wrap\">\n    <div class=\"glsr-reviews\">\n        <div class=\"glsr-review\" data-type=\"local\" id=\"review-61\" data-assigned='[]'>\n    <div class=\"glsr-review-title\"><h4 class=\"glsr-tag-value\">Wioleta C.<\/h4><\/div>\n    <div class=\"glsr-review-rating\"><div class=\"glsr-star-rating glsr-stars\" role=\"img\" aria-label=\"Rated 5 out of 5 stars\" data-rating=\"5\" data-reviews=\"0\"><span class=\"glsr-star glsr-star-full\" aria-hidden=\"true\"><\/span><span class=\"glsr-star glsr-star-full\" aria-hidden=\"true\"><\/span><span class=\"glsr-star glsr-star-full\" aria-hidden=\"true\"><\/span><span class=\"glsr-star glsr-star-full\" aria-hidden=\"true\"><\/span><span class=\"glsr-star glsr-star-full\" aria-hidden=\"true\"><\/span><\/div><\/div> \n    \n    <div class=\"glsr-review-content\"><div class=\"glsr-tag-value\" data-expanded=\"false\"><p>Bola to moja prv\u00e1 sk\u00fasenos\u0165 s psychiatrom a chcem pani doktorke ve\u013emi po\u010fakova\u0165 za empatiu, profesionalizmus a \u00fastretov\u00fd pr\u00edstup. U\u017e na konci sedenia som sa c\u00edtila pokojnej\u0161ia a vyrovnanej\u0161ia<\/p><\/div><\/div>\n      \n    \n<\/div>\n    <\/div>\n    \n<\/div><\/div><\/div>\n\n\n\n<div class=\"wp-block-column has-base-2-background-color has-background is-layout-flow wp-block-column-is-layout-flow\"><div class=\"glsr glsr-default\" id=\"glsr_126d1029\" data-from=\"block\" data-shortcode=\"site_review\" data-hide=\"date,author\" data-post_id=\"65\"><div class=\"glsr-reviews-wrap\">\n    <div class=\"glsr-reviews\">\n        <div class=\"glsr-review\" data-type=\"local\" id=\"review-65\" data-assigned='[]'>\n    <div class=\"glsr-review-title\"><h4 class=\"glsr-tag-value\">Peter S.<\/h4><\/div>\n    <div class=\"glsr-review-rating\"><div class=\"glsr-star-rating glsr-stars\" role=\"img\" aria-label=\"Rated 5 out of 5 stars\" data-rating=\"5\" data-reviews=\"0\"><span class=\"glsr-star glsr-star-full\" aria-hidden=\"true\"><\/span><span class=\"glsr-star glsr-star-full\" aria-hidden=\"true\"><\/span><span class=\"glsr-star glsr-star-full\" aria-hidden=\"true\"><\/span><span class=\"glsr-star glsr-star-full\" aria-hidden=\"true\"><\/span><span class=\"glsr-star glsr-star-full\" aria-hidden=\"true\"><\/span><\/div><\/div> \n    \n    <div class=\"glsr-review-content\"><div class=\"glsr-tag-value\" data-expanded=\"false\"><p>Prijemna, ludska a erudovana pani Doktorka<\/p><\/div><\/div>\n      \n    \n<\/div>\n    <\/div>\n    \n<\/div><\/div><\/div>\n<\/div>\n<\/div><\/div>\n<\/div><\/div>\n<\/div><\/div><div class=\"swiper-pagination\"><\/div><div class=\"swiper-button-prev\"><\/div><div class=\"swiper-button-next\"><\/div><\/div>\n<\/div><\/div>\n","protected":false},"excerpt":{"rendered":"","protected":false},"author":1,"featured_media":0,"parent":0,"menu_order":0,"comment_status":"closed","ping_status":"closed","template":"","meta":{"_uag_custom_page_level_css":"","_glsr_average":0,"_glsr_ranking":0,"_glsr_reviews":0,"footnotes":""},"class_list":["post-81","page","type-page","status-publish","hentry"],"uagb_featured_image_src":{"full":false,"thumbnail":false,"medium":false,"medium_large":false,"large":false,"1536x1536":false,"2048x2048":false},"uagb_author_info":{"display_name":"OnlinePsychiater","author_link":"https:\/\/www.onlinepsychiater.com\/?author=1"},"uagb_comment_info":0,"uagb_excerpt":null,"_links":{"self":[{"href":"https:\/\/www.onlinepsychiater.com\/index.php?rest_route=\/wp\/v2\/pages\/81","targetHints":{"allow":["GET"]}}],"collection":[{"href":"https:\/\/www.onlinepsychiater.com\/index.php?rest_route=\/wp\/v2\/pages"}],"about":[{"href":"https:\/\/www.onlinepsychiater.com\/index.php?rest_route=\/wp\/v2\/types\/page"}],"author":[{"embeddable":true,"href":"https:\/\/www.onlinepsychiater.com\/index.php?rest_route=\/wp\/v2\/users\/1"}],"replies":[{"embeddable":true,"href":"https:\/\/www.onlinepsychiater.com\/index.php?rest_route=%2Fwp%2Fv2%2Fcomments&post=81"}],"version-history":[{"count":4,"href":"https:\/\/www.onlinepsychiater.com\/index.php?rest_route=\/wp\/v2\/pages\/81\/revisions"}],"predecessor-version":[{"id":100,"href":"https:\/\/www.onlinepsychiater.com\/index.php?rest_route=\/wp\/v2\/pages\/81\/revisions\/100"}],"wp:attachment":[{"href":"https:\/\/www.onlinepsychiater.com\/index.php?rest_route=%2Fwp%2Fv2%2Fmedia&parent=81"}],"curies":[{"name":"wp","href":"https:\/\/api.w.org\/{rel}","templated":true}]}}